{"id":86,"date":"2026-03-24T08:03:31","date_gmt":"2026-03-24T07:03:31","guid":{"rendered":"https:\/\/quatscher-winf.gbsl.website\/?page_id=86"},"modified":"2026-03-24T08:09:03","modified_gmt":"2026-03-24T07:09:03","slug":"ueber-uns","status":"publish","type":"page","link":"https:\/\/quatscher-winf.gbsl.website\/?page_id=86","title":{"rendered":"\u00dcber uns"},"content":{"rendered":"\n<p>Willkommen bei Quatscher \ud83e\udd86<\/p>\n\n\n\n<p>Wir sind ein fiktiver Online-Shop, der sich ganz auf Badeenten spezialisiert hat. Unsere Idee ist simpel: lustige, stylische und klassische Badeenten f\u00fcr jeden Geschmack.<\/p>\n\n\n\n<p>Ob als Geschenk, Dekoration oder einfach f\u00fcr Spass im Badezimmer \u2013 bei uns findest du die passende Ente. Unser bekanntestes Produkt ist \u201eQuatscher \u2013 der Klassiker\u201c, eine zeitlose Badeente, die in keinem Bad fehlen darf.<\/p>\n\n\n\n<p>Dieses Projekt wurde im Rahmen eines Schulprojekts erstellt und dient nur zur Demonstration eines Online-Shops. Es k\u00f6nnen keine echten K\u00e4ufe get\u00e4tigt werden.<\/p>\n\n\n\n<p><\/p>\n","protected":false},"excerpt":{"rendered":"<p>Willkommen bei Quatscher \ud83e\udd86 Wir sind ein fiktiver Online-Shop, der sich ganz auf Badeenten spezialisiert hat. Unsere Idee ist simpel: lustige, stylische und klassische Badeenten f\u00fcr jeden Geschmack. Ob als Geschenk, Dekoration oder einfach f\u00fcr Spass im Badezimmer \u2013 bei uns findest du die passende Ente. Unser bekanntestes Produkt ist \u201eQuatscher \u2013 der Klassiker\u201c, eine [&hellip;]<\/p>\n","protected":false},"author":1,"featured_media":0,"parent":0,"menu_order":0,"comment_status":"closed","ping_status":"closed","template":"","meta":{"site-sidebar-layout":"default","site-content-layout":"","ast-site-content-layout":"default","site-content-style":"default","site-sidebar-style":"default","ast-global-header-display":"","ast-banner-title-visibility":"","ast-main-header-display":"","ast-hfb-above-header-display":"","ast-hfb-below-header-display":"","ast-hfb-mobile-header-display":"","site-post-title":"","ast-breadcrumbs-content":"","ast-featured-img":"","footer-sml-layout":"","ast-disable-related-posts":"","theme-transparent-header-meta":"","adv-header-id-meta":"","stick-header-meta":"","header-above-stick-meta":"","header-main-stick-meta":"","header-below-stick-meta":"","astra-migrate-meta-layouts":"default","ast-page-background-enabled":"default","ast-page-background-meta":{"desktop":{"background-color":"","background-image":"","background-repeat":"repeat","background-position":"center center","background-size":"auto","background-attachment":"scroll","background-type":"","background-media":"","overlay-type":"","overlay-color":"","overlay-opacity":"","overlay-gradient":""},"tablet":{"background-color":"","background-image":"","background-repeat":"repeat","background-position":"center center","background-size":"auto","background-attachment":"scroll","background-type":"","background-media":"","overlay-type":"","overlay-color":"","overlay-opacity":"","overlay-gradient":""},"mobile":{"background-color":"","background-image":"","background-repeat":"repeat","background-position":"center center","background-size":"auto","background-attachment":"scroll","background-type":"","background-media":"","overlay-type":"","overlay-color":"","overlay-opacity":"","overlay-gradient":""}},"ast-content-background-meta":{"desktop":{"background-color":"var(--ast-global-color-5)","background-image":"","background-repeat":"repeat","background-position":"center center","background-size":"auto","background-attachment":"scroll","background-type":"","background-media":"","overlay-type":"","overlay-color":"","overlay-opacity":"","overlay-gradient":""},"tablet":{"background-color":"var(--ast-global-color-5)","background-image":"","background-repeat":"repeat","background-position":"center center","background-size":"auto","background-attachment":"scroll","background-type":"","background-media":"","overlay-type":"","overlay-color":"","overlay-opacity":"","overlay-gradient":""},"mobile":{"background-color":"var(--ast-global-color-5)","background-image":"","background-repeat":"repeat","background-position":"center center","background-size":"auto","background-attachment":"scroll","background-type":"","background-media":"","overlay-type":"","overlay-color":"","overlay-opacity":"","overlay-gradient":""}},"footnotes":""},"class_list":["post-86","page","type-page","status-publish","hentry"],"_links":{"self":[{"href":"https:\/\/quatscher-winf.gbsl.website\/index.php?rest_route=\/wp\/v2\/pages\/86","targetHints":{"allow":["GET"]}}],"collection":[{"href":"https:\/\/quatscher-winf.gbsl.website\/index.php?rest_route=\/wp\/v2\/pages"}],"about":[{"href":"https:\/\/quatscher-winf.gbsl.website\/index.php?rest_route=\/wp\/v2\/types\/page"}],"author":[{"embeddable":true,"href":"https:\/\/quatscher-winf.gbsl.website\/index.php?rest_route=\/wp\/v2\/users\/1"}],"replies":[{"embeddable":true,"href":"https:\/\/quatscher-winf.gbsl.website\/index.php?rest_route=%2Fwp%2Fv2%2Fcomments&post=86"}],"version-history":[{"count":1,"href":"https:\/\/quatscher-winf.gbsl.website\/index.php?rest_route=\/wp\/v2\/pages\/86\/revisions"}],"predecessor-version":[{"id":87,"href":"https:\/\/quatscher-winf.gbsl.website\/index.php?rest_route=\/wp\/v2\/pages\/86\/revisions\/87"}],"wp:attachment":[{"href":"https:\/\/quatscher-winf.gbsl.website\/index.php?rest_route=%2Fwp%2Fv2%2Fmedia&parent=86"}],"curies":[{"name":"wp","href":"https:\/\/api.w.org\/{rel}","templated":true}]}}