{"id":61,"date":"2026-03-17T08:10:04","date_gmt":"2026-03-17T07:10:04","guid":{"rendered":"https:\/\/quatscher-winf.gbsl.website\/?post_type=product&#038;p=61"},"modified":"2026-03-29T17:45:43","modified_gmt":"2026-03-29T15:45:43","slug":"quatscher-der-klassiker","status":"publish","type":"product","link":"https:\/\/quatscher-winf.gbsl.website\/?product=quatscher-der-klassiker","title":{"rendered":"Quatscher &#8211; Der Klassiker"},"content":{"rendered":"<p><strong>Einfach, farbenfroh, Einsteiger-Modell. Lustige und s\u00fcsse Standard Ausdr\u00fccke<\/strong><\/p>\n","protected":false},"excerpt":{"rendered":"<p>Die Quatscher Badeente ist unser unverwechselbarer Klassiker und bringt seit Jahren Spass, Charme und ein L\u00e4cheln in jedes Bad. Mit ihrem fr\u00f6hlichen Look, der robusten Qualit\u00e4t und ihrem typischen \u201eQuatscher\u201c Charme ist sie das perfekte Accessoire f\u00fcr Gross und Klein.<\/p>\n<div>\n<p>Ob als lustiger Begleiter in der Wanne, dekoratives Highlight oder liebevolles Geschenk &#8211; unsere Badeente sorgt \u00fcberall f\u00fcr gute Laune. Einfach klassisch. Einfach Quatscher.<\/p>\n<\/div>\n","protected":false},"featured_media":78,"comment_status":"open","ping_status":"closed","template":"","meta":{"site-sidebar-layout":"default","site-content-layout":"","ast-site-content-layout":"default","site-content-style":"default","site-sidebar-style":"default","ast-global-header-display":"","ast-banner-title-visibility":"","ast-main-header-display":"","ast-hfb-above-header-display":"","ast-hfb-below-header-display":"","ast-hfb-mobile-header-display":"","site-post-title":"","ast-breadcrumbs-content":"","ast-featured-img":"","footer-sml-layout":"","ast-disable-related-posts":"","theme-transparent-header-meta":"default","adv-header-id-meta":"","stick-header-meta":"","header-above-stick-meta":"","header-main-stick-meta":"","header-below-stick-meta":"","astra-migrate-meta-layouts":"set","ast-page-background-enabled":"default","ast-page-background-meta":{"desktop":{"background-color":"","background-image":"","background-repeat":"repeat","background-position":"center center","background-size":"auto","background-attachment":"scroll","background-type":"","background-media":"","overlay-type":"","overlay-color":"","overlay-opacity":"","overlay-gradient":""},"tablet":{"background-color":"","background-image":"","background-repeat":"repeat","background-position":"center center","background-size":"auto","background-attachment":"scroll","background-type":"","background-media":"","overlay-type":"","overlay-color":"","overlay-opacity":"","overlay-gradient":""},"mobile":{"background-color":"","background-image":"","background-repeat":"repeat","background-position":"center center","background-size":"auto","background-attachment":"scroll","background-type":"","background-media":"","overlay-type":"","overlay-color":"","overlay-opacity":"","overlay-gradient":""}},"ast-content-background-meta":{"desktop":{"background-color":"var(--ast-global-color-5)","background-image":"","background-repeat":"repeat","background-position":"center center","background-size":"auto","background-attachment":"scroll","background-type":"","background-media":"","overlay-type":"","overlay-color":"","overlay-opacity":"","overlay-gradient":""},"tablet":{"background-color":"var(--ast-global-color-5)","background-image":"","background-repeat":"repeat","background-position":"center center","background-size":"auto","background-attachment":"scroll","background-type":"","background-media":"","overlay-type":"","overlay-color":"","overlay-opacity":"","overlay-gradient":""},"mobile":{"background-color":"var(--ast-global-color-5)","background-image":"","background-repeat":"repeat","background-position":"center center","background-size":"auto","background-attachment":"scroll","background-type":"","background-media":"","overlay-type":"","overlay-color":"","overlay-opacity":"","overlay-gradient":""}}},"product_brand":[],"product_cat":[22],"product_tag":[],"class_list":{"0":"post-61","1":"product","2":"type-product","3":"status-publish","4":"has-post-thumbnail","6":"product_cat-klassiker","7":"desktop-align-left","8":"tablet-align-left","9":"mobile-align-left","11":"first","12":"instock","13":"sale","14":"shipping-taxable","15":"purchasable","16":"product-type-simple"},"_links":{"self":[{"href":"https:\/\/quatscher-winf.gbsl.website\/index.php?rest_route=\/wp\/v2\/product\/61","targetHints":{"allow":["GET"]}}],"collection":[{"href":"https:\/\/quatscher-winf.gbsl.website\/index.php?rest_route=\/wp\/v2\/product"}],"about":[{"href":"https:\/\/quatscher-winf.gbsl.website\/index.php?rest_route=\/wp\/v2\/types\/product"}],"replies":[{"embeddable":true,"href":"https:\/\/quatscher-winf.gbsl.website\/index.php?rest_route=%2Fwp%2Fv2%2Fcomments&post=61"}],"wp:featuredmedia":[{"embeddable":true,"href":"https:\/\/quatscher-winf.gbsl.website\/index.php?rest_route=\/wp\/v2\/media\/78"}],"wp:attachment":[{"href":"https:\/\/quatscher-winf.gbsl.website\/index.php?rest_route=%2Fwp%2Fv2%2Fmedia&parent=61"}],"wp:term":[{"taxonomy":"product_brand","embeddable":true,"href":"https:\/\/quatscher-winf.gbsl.website\/index.php?rest_route=%2Fwp%2Fv2%2Fproduct_brand&post=61"},{"taxonomy":"product_cat","embeddable":true,"href":"https:\/\/quatscher-winf.gbsl.website\/index.php?rest_route=%2Fwp%2Fv2%2Fproduct_cat&post=61"},{"taxonomy":"product_tag","embeddable":true,"href":"https:\/\/quatscher-winf.gbsl.website\/index.php?rest_route=%2Fwp%2Fv2%2Fproduct_tag&post=61"}],"curies":[{"name":"wp","href":"https:\/\/api.w.org\/{rel}","templated":true}]}}