{"id":90,"date":"2026-03-24T08:16:36","date_gmt":"2026-03-24T07:16:36","guid":{"rendered":"https:\/\/quatscher-winf.gbsl.website\/?post_type=product&#038;p=90"},"modified":"2026-03-29T17:46:34","modified_gmt":"2026-03-29T15:46:34","slug":"sleepy-joe-die-schlafende-ente","status":"publish","type":"product","link":"https:\/\/quatscher-winf.gbsl.website\/?product=sleepy-joe-die-schlafende-ente","title":{"rendered":"Sleepy Joe &#8211; Die schlafende Ente"},"content":{"rendered":"<style>\na {<br \/>    text-decoration: none;<br \/>    color: #464feb;<br \/>}<br \/>tr th, tr td {<br \/>    border: 1px solid #e6e6e6;<br \/>}<br \/>tr th {<br \/>    background-color: #f5f5f5;<br \/>}<br \/><\/style>\n<div><strong>Die wohl entspannteste Badeente der Welt!<\/strong><br \/>\nUnsere liebevoll gestaltete Badeente bringt Ruhe, Gem\u00fctlichkeit und einen Hauch von Humor in jedes Badezimmer. Mit ihrer s\u00fc\u00dfen <strong>Schlafm\u00fctze<\/strong> und dem kleinen <strong>Kuschel-Kissen<\/strong> ist sie bereit f\u00fcr ein perfektes Schaumbad-Nickerchen.<\/div>\n","protected":false},"excerpt":{"rendered":"<p><strong>Schl\u00e4frig<\/strong>, <strong>Bequem<\/strong> <strong>unterwegs<\/strong> &amp;\u00a0 <strong>Perfekt f\u00fcr Ihr Badeerlebnis<\/strong><\/p>\n","protected":false},"featured_media":91,"comment_status":"open","ping_status":"closed","template":"","meta":{"site-sidebar-layout":"default","site-content-layout":"","ast-site-content-layout":"default","site-content-style":"default","site-sidebar-style":"default","ast-global-header-display":"","ast-banner-title-visibility":"","ast-main-header-display":"","ast-hfb-above-header-display":"","ast-hfb-below-header-display":"","ast-hfb-mobile-header-display":"","site-post-title":"","ast-breadcrumbs-content":"","ast-featured-img":"","footer-sml-layout":"","ast-disable-related-posts":"","theme-transparent-header-meta":"default","adv-header-id-meta":"","stick-header-meta":"","header-above-stick-meta":"","header-main-stick-meta":"","header-below-stick-meta":"","astra-migrate-meta-layouts":"set","ast-page-background-enabled":"default","ast-page-background-meta":{"desktop":{"background-color":"","background-image":"","background-repeat":"repeat","background-position":"center center","background-size":"auto","background-attachment":"scroll","background-type":"","background-media":"","overlay-type":"","overlay-color":"","overlay-opacity":"","overlay-gradient":""},"tablet":{"background-color":"","background-image":"","background-repeat":"repeat","background-position":"center center","background-size":"auto","background-attachment":"scroll","background-type":"","background-media":"","overlay-type":"","overlay-color":"","overlay-opacity":"","overlay-gradient":""},"mobile":{"background-color":"","background-image":"","background-repeat":"repeat","background-position":"center center","background-size":"auto","background-attachment":"scroll","background-type":"","background-media":"","overlay-type":"","overlay-color":"","overlay-opacity":"","overlay-gradient":""}},"ast-content-background-meta":{"desktop":{"background-color":"var(--ast-global-color-5)","background-image":"","background-repeat":"repeat","background-position":"center center","background-size":"auto","background-attachment":"scroll","background-type":"","background-media":"","overlay-type":"","overlay-color":"","overlay-opacity":"","overlay-gradient":""},"tablet":{"background-color":"var(--ast-global-color-5)","background-image":"","background-repeat":"repeat","background-position":"center center","background-size":"auto","background-attachment":"scroll","background-type":"","background-media":"","overlay-type":"","overlay-color":"","overlay-opacity":"","overlay-gradient":""},"mobile":{"background-color":"var(--ast-global-color-5)","background-image":"","background-repeat":"repeat","background-position":"center center","background-size":"auto","background-attachment":"scroll","background-type":"","background-media":"","overlay-type":"","overlay-color":"","overlay-opacity":"","overlay-gradient":""}}},"product_brand":[],"product_cat":[22],"product_tag":[],"class_list":{"0":"post-90","1":"product","2":"type-product","3":"status-publish","4":"has-post-thumbnail","6":"product_cat-klassiker","7":"desktop-align-left","8":"tablet-align-left","9":"mobile-align-left","11":"first","12":"instock","13":"shipping-taxable","14":"purchasable","15":"product-type-simple"},"_links":{"self":[{"href":"https:\/\/quatscher-winf.gbsl.website\/index.php?rest_route=\/wp\/v2\/product\/90","targetHints":{"allow":["GET"]}}],"collection":[{"href":"https:\/\/quatscher-winf.gbsl.website\/index.php?rest_route=\/wp\/v2\/product"}],"about":[{"href":"https:\/\/quatscher-winf.gbsl.website\/index.php?rest_route=\/wp\/v2\/types\/product"}],"replies":[{"embeddable":true,"href":"https:\/\/quatscher-winf.gbsl.website\/index.php?rest_route=%2Fwp%2Fv2%2Fcomments&post=90"}],"wp:featuredmedia":[{"embeddable":true,"href":"https:\/\/quatscher-winf.gbsl.website\/index.php?rest_route=\/wp\/v2\/media\/91"}],"wp:attachment":[{"href":"https:\/\/quatscher-winf.gbsl.website\/index.php?rest_route=%2Fwp%2Fv2%2Fmedia&parent=90"}],"wp:term":[{"taxonomy":"product_brand","embeddable":true,"href":"https:\/\/quatscher-winf.gbsl.website\/index.php?rest_route=%2Fwp%2Fv2%2Fproduct_brand&post=90"},{"taxonomy":"product_cat","embeddable":true,"href":"https:\/\/quatscher-winf.gbsl.website\/index.php?rest_route=%2Fwp%2Fv2%2Fproduct_cat&post=90"},{"taxonomy":"product_tag","embeddable":true,"href":"https:\/\/quatscher-winf.gbsl.website\/index.php?rest_route=%2Fwp%2Fv2%2Fproduct_tag&post=90"}],"curies":[{"name":"wp","href":"https:\/\/api.w.org\/{rel}","templated":true}]}}